{"id":15,"date":"2026-04-23T09:49:53","date_gmt":"2026-04-23T07:49:53","guid":{"rendered":"https:\/\/fleursdeuillyon.fr\/shop\/product\/nuance-de-brume\/"},"modified":"2026-04-23T12:27:37","modified_gmt":"2026-04-23T10:27:37","slug":"nuance-de-brume","status":"publish","type":"product","link":"https:\/\/fleursdeuillyon.fr\/shop\/product\/nuance-de-brume\/","title":{"rendered":"Nuance de Brume"},"content":{"rendered":"<p>Un bouquet d\u00e9licat aux teintes poudr\u00e9es \u2014 hortensias lavande, eustomas et gypsophile.<\/p>\n","protected":false},"excerpt":{"rendered":"<p>Teintes poudr\u00e9es pour une c\u00e9r\u00e9monie intime<\/p>\n","protected":false},"featured_media":24,"comment_status":"open","ping_status":"closed","template":"","meta":[],"product_brand":[],"product_cat":[18],"product_tag":[],"class_list":{"0":"post-15","1":"product","2":"type-product","3":"status-publish","4":"has-post-thumbnail","6":"product_cat-bouquets-funeraires","8":"first","9":"instock","10":"taxable","11":"shipping-taxable","12":"purchasable","13":"product-type-simple"},"yoast_head":"<!-- This site is optimized with the Yoast SEO Premium plugin v27.1 (Yoast SEO v27.4) - https:\/\/yoast.com\/product\/yoast-seo-premium-wordpress\/ -->\n<title>Nuance de Brume - Fleurs de Deuil Lyon \u2014 Boutique<\/title>\n<meta name=\"robots\" content=\"index, follow, max-snippet:-1, max-image-preview:large, max-video-preview:-1\" \/>\n<link rel=\"canonical\" href=\"https:\/\/fleursdeuillyon.fr\/shop\/product\/nuance-de-brume\/\" \/>\n<meta property=\"og:locale\" content=\"fr_FR\" \/>\n<meta property=\"og:type\" content=\"article\" \/>\n<meta property=\"og:title\" content=\"Nuance de Brume\" \/>\n<meta property=\"og:description\" content=\"Teintes poudr\u00e9es pour une c\u00e9r\u00e9monie intime\" \/>\n<meta property=\"og:url\" content=\"https:\/\/fleursdeuillyon.fr\/shop\/product\/nuance-de-brume\/\" \/>\n<meta property=\"og:site_name\" content=\"Fleurs de Deuil Lyon \u2014 Boutique\" \/>\n<meta property=\"article:modified_time\" content=\"2026-04-23T10:27:37+00:00\" \/>\n<meta property=\"og:image\" content=\"https:\/\/fleursdeuillyon.fr\/shop\/wp-content\/uploads\/2026\/04\/bouquetfunerairefleursblanchesetroseslyon.jpg\" \/>\n\t<meta property=\"og:image:width\" content=\"560\" \/>\n\t<meta property=\"og:image:height\" content=\"680\" \/>\n\t<meta property=\"og:image:type\" content=\"image\/jpeg\" \/>\n<meta name=\"twitter:card\" content=\"summary_large_image\" \/>\n<meta name=\"twitter:label1\" content=\"Prix\" \/>\n\t<meta name=\"twitter:data1\" content=\"&euro;&nbsp;95,00\" \/>\n\t<meta name=\"twitter:label2\" content=\"Disponibilit\u00e9\" \/>\n\t<meta name=\"twitter:data2\" content=\"En stock\" \/>\n<script type=\"application\/ld+json\" class=\"yoast-schema-graph\">{\"@context\":\"https:\\\/\\\/schema.org\",\"@graph\":[{\"@type\":\"WebPage\",\"@id\":\"https:\\\/\\\/fleursdeuillyon.fr\\\/shop\\\/product\\\/nuance-de-brume\\\/\",\"url\":\"https:\\\/\\\/fleursdeuillyon.fr\\\/shop\\\/product\\\/nuance-de-brume\\\/\",\"name\":\"Nuance de Brume - Fleurs de Deuil Lyon \u2014 Boutique\",\"isPartOf\":{\"@id\":\"https:\\\/\\\/fleursdeuillyon.fr\\\/shop\\\/#website\"},\"primaryImageOfPage\":{\"@id\":\"https:\\\/\\\/fleursdeuillyon.fr\\\/shop\\\/product\\\/nuance-de-brume\\\/#primaryimage\"},\"image\":{\"@id\":\"https:\\\/\\\/fleursdeuillyon.fr\\\/shop\\\/product\\\/nuance-de-brume\\\/#primaryimage\"},\"thumbnailUrl\":\"https:\\\/\\\/fleursdeuillyon.fr\\\/shop\\\/wp-content\\\/uploads\\\/2026\\\/04\\\/bouquetfunerairefleursblanchesetroseslyon.jpg\",\"datePublished\":\"2026-04-23T07:49:53+00:00\",\"dateModified\":\"2026-04-23T10:27:37+00:00\",\"breadcrumb\":{\"@id\":\"https:\\\/\\\/fleursdeuillyon.fr\\\/shop\\\/product\\\/nuance-de-brume\\\/#breadcrumb\"},\"inLanguage\":\"fr-FR\",\"potentialAction\":[{\"@type\":\"ReadAction\",\"target\":[\"https:\\\/\\\/fleursdeuillyon.fr\\\/shop\\\/product\\\/nuance-de-brume\\\/\"]}]},{\"@type\":\"ImageObject\",\"inLanguage\":\"fr-FR\",\"@id\":\"https:\\\/\\\/fleursdeuillyon.fr\\\/shop\\\/product\\\/nuance-de-brume\\\/#primaryimage\",\"url\":\"https:\\\/\\\/fleursdeuillyon.fr\\\/shop\\\/wp-content\\\/uploads\\\/2026\\\/04\\\/bouquetfunerairefleursblanchesetroseslyon.jpg\",\"contentUrl\":\"https:\\\/\\\/fleursdeuillyon.fr\\\/shop\\\/wp-content\\\/uploads\\\/2026\\\/04\\\/bouquetfunerairefleursblanchesetroseslyon.jpg\",\"width\":560,\"height\":680},{\"@type\":\"BreadcrumbList\",\"@id\":\"https:\\\/\\\/fleursdeuillyon.fr\\\/shop\\\/product\\\/nuance-de-brume\\\/#breadcrumb\",\"itemListElement\":[{\"@type\":\"ListItem\",\"position\":1,\"name\":\"Home\",\"item\":\"https:\\\/\\\/fleursdeuillyon.fr\\\/shop\\\/\"},{\"@type\":\"ListItem\",\"position\":2,\"name\":\"Shop\",\"item\":\"https:\\\/\\\/fleursdeuillyon.fr\\\/shop\\\/shop\\\/\"},{\"@type\":\"ListItem\",\"position\":3,\"name\":\"Nuance de Brume\"}]},{\"@type\":\"WebSite\",\"@id\":\"https:\\\/\\\/fleursdeuillyon.fr\\\/shop\\\/#website\",\"url\":\"https:\\\/\\\/fleursdeuillyon.fr\\\/shop\\\/\",\"name\":\"Fleurs de Deuil Lyon \u2014 Boutique\",\"description\":\"Artisan Fleuriste Fun\u00e9raire \u2014 Lyon\",\"potentialAction\":[{\"@type\":\"SearchAction\",\"target\":{\"@type\":\"EntryPoint\",\"urlTemplate\":\"https:\\\/\\\/fleursdeuillyon.fr\\\/shop\\\/?s={search_term_string}\"},\"query-input\":{\"@type\":\"PropertyValueSpecification\",\"valueRequired\":true,\"valueName\":\"search_term_string\"}}],\"inLanguage\":\"fr-FR\"},{\"@type\":\"ImageObject\",\"inLanguage\":\"fr-FR\",\"@id\":\"https:\\\/\\\/fleursdeuillyon.fr\\\/shop\\\/product\\\/nuance-de-brume\\\/#local-main-organization-logo\",\"url\":\"\",\"contentUrl\":\"\",\"caption\":\"Fleurs de Deuil Lyon \u2014 Boutique\"}]}<\/script>\n<meta property=\"product:price:amount\" content=\"95.00\" \/>\n<meta property=\"product:price:currency\" content=\"EUR\" \/>\n<meta property=\"og:availability\" content=\"instock\" \/>\n<meta property=\"product:availability\" content=\"instock\" \/>\n<meta property=\"product:condition\" content=\"new\" \/>\n<!-- \/ Yoast SEO Premium plugin. -->","yoast_head_json":{"title":"Nuance de Brume - Fleurs de Deuil Lyon \u2014 Boutique","robots":{"index":"index","follow":"follow","max-snippet":"max-snippet:-1","max-image-preview":"max-image-preview:large","max-video-preview":"max-video-preview:-1"},"canonical":"https:\/\/fleursdeuillyon.fr\/shop\/product\/nuance-de-brume\/","og_locale":"fr_FR","og_type":"article","og_title":"Nuance de Brume","og_description":"Teintes poudr\u00e9es pour une c\u00e9r\u00e9monie intime","og_url":"https:\/\/fleursdeuillyon.fr\/shop\/product\/nuance-de-brume\/","og_site_name":"Fleurs de Deuil Lyon \u2014 Boutique","article_modified_time":"2026-04-23T10:27:37+00:00","og_image":[{"width":560,"height":680,"url":"https:\/\/fleursdeuillyon.fr\/shop\/wp-content\/uploads\/2026\/04\/bouquetfunerairefleursblanchesetroseslyon.jpg","type":"image\/jpeg"}],"twitter_card":"summary_large_image","twitter_misc":{"Prix":"&euro;&nbsp;95,00","Disponibilit\u00e9":"En stock"},"schema":{"@context":"https:\/\/schema.org","@graph":[{"@type":"WebPage","@id":"https:\/\/fleursdeuillyon.fr\/shop\/product\/nuance-de-brume\/","url":"https:\/\/fleursdeuillyon.fr\/shop\/product\/nuance-de-brume\/","name":"Nuance de Brume - Fleurs de Deuil Lyon \u2014 Boutique","isPartOf":{"@id":"https:\/\/fleursdeuillyon.fr\/shop\/#website"},"primaryImageOfPage":{"@id":"https:\/\/fleursdeuillyon.fr\/shop\/product\/nuance-de-brume\/#primaryimage"},"image":{"@id":"https:\/\/fleursdeuillyon.fr\/shop\/product\/nuance-de-brume\/#primaryimage"},"thumbnailUrl":"https:\/\/fleursdeuillyon.fr\/shop\/wp-content\/uploads\/2026\/04\/bouquetfunerairefleursblanchesetroseslyon.jpg","datePublished":"2026-04-23T07:49:53+00:00","dateModified":"2026-04-23T10:27:37+00:00","breadcrumb":{"@id":"https:\/\/fleursdeuillyon.fr\/shop\/product\/nuance-de-brume\/#breadcrumb"},"inLanguage":"fr-FR","potentialAction":[{"@type":"ReadAction","target":["https:\/\/fleursdeuillyon.fr\/shop\/product\/nuance-de-brume\/"]}]},{"@type":"ImageObject","inLanguage":"fr-FR","@id":"https:\/\/fleursdeuillyon.fr\/shop\/product\/nuance-de-brume\/#primaryimage","url":"https:\/\/fleursdeuillyon.fr\/shop\/wp-content\/uploads\/2026\/04\/bouquetfunerairefleursblanchesetroseslyon.jpg","contentUrl":"https:\/\/fleursdeuillyon.fr\/shop\/wp-content\/uploads\/2026\/04\/bouquetfunerairefleursblanchesetroseslyon.jpg","width":560,"height":680},{"@type":"BreadcrumbList","@id":"https:\/\/fleursdeuillyon.fr\/shop\/product\/nuance-de-brume\/#breadcrumb","itemListElement":[{"@type":"ListItem","position":1,"name":"Home","item":"https:\/\/fleursdeuillyon.fr\/shop\/"},{"@type":"ListItem","position":2,"name":"Shop","item":"https:\/\/fleursdeuillyon.fr\/shop\/shop\/"},{"@type":"ListItem","position":3,"name":"Nuance de Brume"}]},{"@type":"WebSite","@id":"https:\/\/fleursdeuillyon.fr\/shop\/#website","url":"https:\/\/fleursdeuillyon.fr\/shop\/","name":"Fleurs de Deuil Lyon \u2014 Boutique","description":"Artisan Fleuriste Fun\u00e9raire \u2014 Lyon","potentialAction":[{"@type":"SearchAction","target":{"@type":"EntryPoint","urlTemplate":"https:\/\/fleursdeuillyon.fr\/shop\/?s={search_term_string}"},"query-input":{"@type":"PropertyValueSpecification","valueRequired":true,"valueName":"search_term_string"}}],"inLanguage":"fr-FR"},{"@type":"ImageObject","inLanguage":"fr-FR","@id":"https:\/\/fleursdeuillyon.fr\/shop\/product\/nuance-de-brume\/#local-main-organization-logo","url":"","contentUrl":"","caption":"Fleurs de Deuil Lyon \u2014 Boutique"}]},"product_price_amount":"95.00","product_price_currency":"EUR","og_availability":"instock","product_availability":"instock","product_condition":"new"},"_links":{"self":[{"href":"https:\/\/fleursdeuillyon.fr\/shop\/wp-json\/wp\/v2\/product\/15","targetHints":{"allow":["GET"]}}],"collection":[{"href":"https:\/\/fleursdeuillyon.fr\/shop\/wp-json\/wp\/v2\/product"}],"about":[{"href":"https:\/\/fleursdeuillyon.fr\/shop\/wp-json\/wp\/v2\/types\/product"}],"replies":[{"embeddable":true,"href":"https:\/\/fleursdeuillyon.fr\/shop\/wp-json\/wp\/v2\/comments?post=15"}],"wp:featuredmedia":[{"embeddable":true,"href":"https:\/\/fleursdeuillyon.fr\/shop\/wp-json\/wp\/v2\/media\/24"}],"wp:attachment":[{"href":"https:\/\/fleursdeuillyon.fr\/shop\/wp-json\/wp\/v2\/media?parent=15"}],"wp:term":[{"taxonomy":"product_brand","embeddable":true,"href":"https:\/\/fleursdeuillyon.fr\/shop\/wp-json\/wp\/v2\/product_brand?post=15"},{"taxonomy":"product_cat","embeddable":true,"href":"https:\/\/fleursdeuillyon.fr\/shop\/wp-json\/wp\/v2\/product_cat?post=15"},{"taxonomy":"product_tag","embeddable":true,"href":"https:\/\/fleursdeuillyon.fr\/shop\/wp-json\/wp\/v2\/product_tag?post=15"}],"curies":[{"name":"wp","href":"https:\/\/api.w.org\/{rel}","templated":true}]}}